{"id":1709,"date":"2022-05-20T17:01:11","date_gmt":"2022-05-20T14:01:11","guid":{"rendered":"https:\/\/www.woodnox.com\/urun\/s01-vase\/"},"modified":"2024-01-05T14:27:34","modified_gmt":"2024-01-05T11:27:34","slug":"saksilar-s001","status":"publish","type":"product","link":"https:\/\/www.woodnox.com\/en\/product\/saksilar-s001\/","title":{"rendered":"S01 Vase"},"content":{"rendered":"<table width=\"508\">\n<tbody>\n<tr>\n<td width=\"508\">\n<p style=\"text-align: center;\"><strong>TYPE OF<\/strong> <strong>LUMB<\/strong> <strong>USED<\/strong><\/p>\n<\/td>\n<\/tr>\n<tr>\n<td width=\"508\">\n<p style=\"text-align: center;\"><strong> <\/strong><strong>Imported pine timber. Knots can be found. In the place where the knots are the most, there can be solid knots not exceeding 4 cm in diameter within 1 m. Rotten, crippled and falling knots are not found in timber. There are no ring cracks or large crevices. Lift bend does not exceed \u00bd part. There are no resin sacs, inner shells, rots, cavities, insect holes, irrigation and manufacturing defects. All four sides of the timber will be wiped and chamfered.<\/strong><\/p>\n<\/td>\n<\/tr>\n<\/tbody>\n<\/table>\n<table style=\"height: 106px;\" width=\"508\">\n<tbody>\n<tr>\n<td width=\"567\">\n<p style=\"text-align: center;\"><strong>GUARANTEE<\/strong><\/p>\n<\/td>\n<\/tr>\n<tr>\n<td width=\"567\">\n<p style=\"text-align: center;\">\u00b7 <strong>All of our products are guaranteed for 1 year against manufacturing and assembly faults.<\/strong><\/p>\n<\/td>\n<\/tr>\n<\/tbody>\n<\/table>\n","protected":false},"excerpt":{"rendered":"<p>TYPE OF LUMB USED Imported pine timber. Knots can be found. In the place where the knots are the most, there can be solid knots not exceeding 4 cm in diameter within 1 m. Rotten, crippled and falling knots are not found in timber. There are no ring cracks or large crevices. Lift bend does [&#8230;]\n","protected":false},"featured_media":1426,"template":"","meta":[],"product_cat":[314],"product_tag":[387,385,386],"class_list":{"0":"post-1709","1":"product","2":"type-product","3":"status-publish","4":"has-post-thumbnail","6":"product_cat-pots-fences","7":"product_tag-tree","8":"product_tag-vase","9":"product_tag-wooden-flower-pot","10":"product_shipping_class-warehouse-shipping","12":"first","13":"instock","14":"taxable","15":"shipping-taxable","16":"purchasable","17":"product-type-simple"},"yoast_head":"<!-- This site is optimized with the Yoast SEO plugin v25.3 - https:\/\/yoast.com\/wordpress\/plugins\/seo\/ -->\n<title>S01 Vase - Woodnox | Ah\u015fap Kamelya Fiyatlar\u0131, Ah\u015fap Oyunpark\u0131 , Ah\u015fap Oyun Park\u0131<\/title>\n<meta name=\"robots\" content=\"index, follow, max-snippet:-1, max-image-preview:large, max-video-preview:-1\" \/>\n<link rel=\"canonical\" href=\"https:\/\/www.woodnox.com\/en\/product\/saksilar-s001\/\" \/>\n<meta property=\"og:locale\" content=\"en_US\" \/>\n<meta property=\"og:type\" content=\"article\" \/>\n<meta property=\"og:title\" content=\"S01 Vase - Woodnox | Ah\u015fap Kamelya Fiyatlar\u0131, Ah\u015fap Oyunpark\u0131 , Ah\u015fap Oyun Park\u0131\" \/>\n<meta property=\"og:description\" content=\"TYPE OF LUMB USED Imported pine timber. Knots can be found. In the place where the knots are the most, there can be solid knots not exceeding 4 cm in diameter within 1 m. Rotten, crippled and falling knots are not found in timber. There are no ring cracks or large crevices. Lift bend does [...]\" \/>\n<meta property=\"og:url\" content=\"https:\/\/www.woodnox.com\/en\/product\/saksilar-s001\/\" \/>\n<meta property=\"og:site_name\" content=\"Woodnox | Ah\u015fap Kamelya Fiyatlar\u0131, Ah\u015fap Oyunpark\u0131 , Ah\u015fap Oyun Park\u0131\" \/>\n<meta property=\"article:publisher\" content=\"https:\/\/www.facebook.com\/woodnox.tr\" \/>\n<meta property=\"article:modified_time\" content=\"2024-01-05T11:27:34+00:00\" \/>\n<meta property=\"og:image\" content=\"https:\/\/www.woodnox.com\/wp-content\/uploads\/2022\/05\/Picsart_22-06-07_13-11-08-230-scaled.jpg\" \/>\n\t<meta property=\"og:image:width\" content=\"2560\" \/>\n\t<meta property=\"og:image:height\" content=\"2264\" \/>\n\t<meta property=\"og:image:type\" content=\"image\/jpeg\" \/>\n<meta name=\"twitter:card\" content=\"summary_large_image\" \/>\n<script type=\"application\/ld+json\" class=\"yoast-schema-graph\">{\"@context\":\"https:\/\/schema.org\",\"@graph\":[{\"@type\":\"WebPage\",\"@id\":\"https:\/\/www.woodnox.com\/en\/product\/saksilar-s001\/\",\"url\":\"https:\/\/www.woodnox.com\/en\/product\/saksilar-s001\/\",\"name\":\"S01 Vase - Woodnox | Ah\u015fap Kamelya Fiyatlar\u0131, Ah\u015fap Oyunpark\u0131 , Ah\u015fap Oyun Park\u0131\",\"isPartOf\":{\"@id\":\"https:\/\/www.woodnox.com\/#website\"},\"primaryImageOfPage\":{\"@id\":\"https:\/\/www.woodnox.com\/en\/product\/saksilar-s001\/#primaryimage\"},\"image\":{\"@id\":\"https:\/\/www.woodnox.com\/en\/product\/saksilar-s001\/#primaryimage\"},\"thumbnailUrl\":\"https:\/\/www.woodnox.com\/wp-content\/uploads\/2022\/05\/Picsart_22-06-07_13-11-08-230-scaled.jpg\",\"datePublished\":\"2022-05-20T14:01:11+00:00\",\"dateModified\":\"2024-01-05T11:27:34+00:00\",\"breadcrumb\":{\"@id\":\"https:\/\/www.woodnox.com\/en\/product\/saksilar-s001\/#breadcrumb\"},\"inLanguage\":\"en-US\",\"potentialAction\":[{\"@type\":\"ReadAction\",\"target\":[\"https:\/\/www.woodnox.com\/en\/product\/saksilar-s001\/\"]}]},{\"@type\":\"ImageObject\",\"inLanguage\":\"en-US\",\"@id\":\"https:\/\/www.woodnox.com\/en\/product\/saksilar-s001\/#primaryimage\",\"url\":\"https:\/\/www.woodnox.com\/wp-content\/uploads\/2022\/05\/Picsart_22-06-07_13-11-08-230-scaled.jpg\",\"contentUrl\":\"https:\/\/www.woodnox.com\/wp-content\/uploads\/2022\/05\/Picsart_22-06-07_13-11-08-230-scaled.jpg\",\"width\":2560,\"height\":2264},{\"@type\":\"BreadcrumbList\",\"@id\":\"https:\/\/www.woodnox.com\/en\/product\/saksilar-s001\/#breadcrumb\",\"itemListElement\":[{\"@type\":\"ListItem\",\"position\":1,\"name\":\"Anasayfa\",\"item\":\"https:\/\/www.woodnox.com\/en\/\"},{\"@type\":\"ListItem\",\"position\":2,\"name\":\"Store\",\"item\":\"https:\/\/www.woodnox.com\/en\/store\/\"},{\"@type\":\"ListItem\",\"position\":3,\"name\":\"S01 Vase\"}]},{\"@type\":\"WebSite\",\"@id\":\"https:\/\/www.woodnox.com\/#website\",\"url\":\"https:\/\/www.woodnox.com\/\",\"name\":\"Woodnox | Ah\u015fap Kamelya Fiyatlar\u0131, Ah\u015fap Oyunpark\u0131 , Ah\u015fap Oyun Park\u0131\",\"description\":\"Park ve Bah\u00e7e \u00dcr\u00fcnleri\",\"publisher\":{\"@id\":\"https:\/\/www.woodnox.com\/#organization\"},\"potentialAction\":[{\"@type\":\"SearchAction\",\"target\":{\"@type\":\"EntryPoint\",\"urlTemplate\":\"https:\/\/www.woodnox.com\/?s={search_term_string}\"},\"query-input\":{\"@type\":\"PropertyValueSpecification\",\"valueRequired\":true,\"valueName\":\"search_term_string\"}}],\"inLanguage\":\"en-US\"},{\"@type\":\"Organization\",\"@id\":\"https:\/\/www.woodnox.com\/#organization\",\"name\":\"Woodnox | Ah\u015fap Kamelya Fiyatlar\u0131, Ah\u015fap Oyunpark\u0131 , Ah\u015fap Oyun Park\u0131\",\"url\":\"https:\/\/www.woodnox.com\/\",\"logo\":{\"@type\":\"ImageObject\",\"inLanguage\":\"en-US\",\"@id\":\"https:\/\/www.woodnox.com\/#\/schema\/logo\/image\/\",\"url\":\"https:\/\/www.woodnox.com\/wp-content\/uploads\/2022\/06\/WOODNOX.png\",\"contentUrl\":\"https:\/\/www.woodnox.com\/wp-content\/uploads\/2022\/06\/WOODNOX.png\",\"width\":2560,\"height\":1600,\"caption\":\"Woodnox | Ah\u015fap Kamelya Fiyatlar\u0131, Ah\u015fap Oyunpark\u0131 , Ah\u015fap Oyun Park\u0131\"},\"image\":{\"@id\":\"https:\/\/www.woodnox.com\/#\/schema\/logo\/image\/\"},\"sameAs\":[\"https:\/\/www.facebook.com\/woodnox.tr\",\"https:\/\/www.instagram.com\/woodnox.tr\/\",\"https:\/\/tr.pinterest.com\/woodnoxtr\/\"]}]}<\/script>\n<!-- \/ Yoast SEO plugin. -->","yoast_head_json":{"title":"S01 Vase - Woodnox | Ah\u015fap Kamelya Fiyatlar\u0131, Ah\u015fap Oyunpark\u0131 , Ah\u015fap Oyun Park\u0131","robots":{"index":"index","follow":"follow","max-snippet":"max-snippet:-1","max-image-preview":"max-image-preview:large","max-video-preview":"max-video-preview:-1"},"canonical":"https:\/\/www.woodnox.com\/en\/product\/saksilar-s001\/","og_locale":"en_US","og_type":"article","og_title":"S01 Vase - Woodnox | Ah\u015fap Kamelya Fiyatlar\u0131, Ah\u015fap Oyunpark\u0131 , Ah\u015fap Oyun Park\u0131","og_description":"TYPE OF LUMB USED Imported pine timber. Knots can be found. In the place where the knots are the most, there can be solid knots not exceeding 4 cm in diameter within 1 m. Rotten, crippled and falling knots are not found in timber. There are no ring cracks or large crevices. Lift bend does [...]","og_url":"https:\/\/www.woodnox.com\/en\/product\/saksilar-s001\/","og_site_name":"Woodnox | Ah\u015fap Kamelya Fiyatlar\u0131, Ah\u015fap Oyunpark\u0131 , Ah\u015fap Oyun Park\u0131","article_publisher":"https:\/\/www.facebook.com\/woodnox.tr","article_modified_time":"2024-01-05T11:27:34+00:00","og_image":[{"width":2560,"height":2264,"url":"https:\/\/www.woodnox.com\/wp-content\/uploads\/2022\/05\/Picsart_22-06-07_13-11-08-230-scaled.jpg","type":"image\/jpeg"}],"twitter_card":"summary_large_image","schema":{"@context":"https:\/\/schema.org","@graph":[{"@type":"WebPage","@id":"https:\/\/www.woodnox.com\/en\/product\/saksilar-s001\/","url":"https:\/\/www.woodnox.com\/en\/product\/saksilar-s001\/","name":"S01 Vase - Woodnox | Ah\u015fap Kamelya Fiyatlar\u0131, Ah\u015fap Oyunpark\u0131 , Ah\u015fap Oyun Park\u0131","isPartOf":{"@id":"https:\/\/www.woodnox.com\/#website"},"primaryImageOfPage":{"@id":"https:\/\/www.woodnox.com\/en\/product\/saksilar-s001\/#primaryimage"},"image":{"@id":"https:\/\/www.woodnox.com\/en\/product\/saksilar-s001\/#primaryimage"},"thumbnailUrl":"https:\/\/www.woodnox.com\/wp-content\/uploads\/2022\/05\/Picsart_22-06-07_13-11-08-230-scaled.jpg","datePublished":"2022-05-20T14:01:11+00:00","dateModified":"2024-01-05T11:27:34+00:00","breadcrumb":{"@id":"https:\/\/www.woodnox.com\/en\/product\/saksilar-s001\/#breadcrumb"},"inLanguage":"en-US","potentialAction":[{"@type":"ReadAction","target":["https:\/\/www.woodnox.com\/en\/product\/saksilar-s001\/"]}]},{"@type":"ImageObject","inLanguage":"en-US","@id":"https:\/\/www.woodnox.com\/en\/product\/saksilar-s001\/#primaryimage","url":"https:\/\/www.woodnox.com\/wp-content\/uploads\/2022\/05\/Picsart_22-06-07_13-11-08-230-scaled.jpg","contentUrl":"https:\/\/www.woodnox.com\/wp-content\/uploads\/2022\/05\/Picsart_22-06-07_13-11-08-230-scaled.jpg","width":2560,"height":2264},{"@type":"BreadcrumbList","@id":"https:\/\/www.woodnox.com\/en\/product\/saksilar-s001\/#breadcrumb","itemListElement":[{"@type":"ListItem","position":1,"name":"Anasayfa","item":"https:\/\/www.woodnox.com\/en\/"},{"@type":"ListItem","position":2,"name":"Store","item":"https:\/\/www.woodnox.com\/en\/store\/"},{"@type":"ListItem","position":3,"name":"S01 Vase"}]},{"@type":"WebSite","@id":"https:\/\/www.woodnox.com\/#website","url":"https:\/\/www.woodnox.com\/","name":"Woodnox | Ah\u015fap Kamelya Fiyatlar\u0131, Ah\u015fap Oyunpark\u0131 , Ah\u015fap Oyun Park\u0131","description":"Park ve Bah\u00e7e \u00dcr\u00fcnleri","publisher":{"@id":"https:\/\/www.woodnox.com\/#organization"},"potentialAction":[{"@type":"SearchAction","target":{"@type":"EntryPoint","urlTemplate":"https:\/\/www.woodnox.com\/?s={search_term_string}"},"query-input":{"@type":"PropertyValueSpecification","valueRequired":true,"valueName":"search_term_string"}}],"inLanguage":"en-US"},{"@type":"Organization","@id":"https:\/\/www.woodnox.com\/#organization","name":"Woodnox | Ah\u015fap Kamelya Fiyatlar\u0131, Ah\u015fap Oyunpark\u0131 , Ah\u015fap Oyun Park\u0131","url":"https:\/\/www.woodnox.com\/","logo":{"@type":"ImageObject","inLanguage":"en-US","@id":"https:\/\/www.woodnox.com\/#\/schema\/logo\/image\/","url":"https:\/\/www.woodnox.com\/wp-content\/uploads\/2022\/06\/WOODNOX.png","contentUrl":"https:\/\/www.woodnox.com\/wp-content\/uploads\/2022\/06\/WOODNOX.png","width":2560,"height":1600,"caption":"Woodnox | Ah\u015fap Kamelya Fiyatlar\u0131, Ah\u015fap Oyunpark\u0131 , Ah\u015fap Oyun Park\u0131"},"image":{"@id":"https:\/\/www.woodnox.com\/#\/schema\/logo\/image\/"},"sameAs":["https:\/\/www.facebook.com\/woodnox.tr","https:\/\/www.instagram.com\/woodnox.tr\/","https:\/\/tr.pinterest.com\/woodnoxtr\/"]}]}},"_links":{"self":[{"href":"https:\/\/www.woodnox.com\/en\/wp-json\/wp\/v2\/product\/1709","targetHints":{"allow":["GET"]}}],"collection":[{"href":"https:\/\/www.woodnox.com\/en\/wp-json\/wp\/v2\/product"}],"about":[{"href":"https:\/\/www.woodnox.com\/en\/wp-json\/wp\/v2\/types\/product"}],"wp:featuredmedia":[{"embeddable":true,"href":"https:\/\/www.woodnox.com\/en\/wp-json\/wp\/v2\/media\/1426"}],"wp:attachment":[{"href":"https:\/\/www.woodnox.com\/en\/wp-json\/wp\/v2\/media?parent=1709"}],"wp:term":[{"taxonomy":"product_cat","embeddable":true,"href":"https:\/\/www.woodnox.com\/en\/wp-json\/wp\/v2\/product_cat?post=1709"},{"taxonomy":"product_tag","embeddable":true,"href":"https:\/\/www.woodnox.com\/en\/wp-json\/wp\/v2\/product_tag?post=1709"}],"curies":[{"name":"wp","href":"https:\/\/api.w.org\/{rel}","templated":true}]}}