{"id":1630,"date":"2022-07-29T09:05:08","date_gmt":"2022-07-29T06:05:08","guid":{"rendered":"https:\/\/www.woodnox.com\/urun\/dk01-deck-meter-price\/"},"modified":"2024-01-05T14:20:48","modified_gmt":"2024-01-05T11:20:48","slug":"d01-deck","status":"publish","type":"product","link":"https:\/\/www.woodnox.com\/en\/product\/d01-deck\/","title":{"rendered":"DK01 Deck (meter price)"},"content":{"rendered":"<table width=\"508\">\n<tbody>\n<tr>\n<td width=\"508\">\n<p style=\"text-align: center\"><strong>TYPE OF<\/strong> <strong>LUMB<\/strong> <strong>USED<\/strong><\/p>\n<\/td>\n<\/tr>\n<tr>\n<td width=\"508\">\n<p style=\"text-align: center\"><strong> <\/strong><strong>It is native pine timber. Knots can be found. In the place where the knots are the most, there can be solid knots not exceeding 4 cm in diameter within 1 m. Rotten, crippled and falling knots are not found in timber. There are no ring cracks or large crevices. Lift bend does not exceed \u00bd part. There are no resin sacs, inner shells, rots, cavities, insect holes, irrigation and manufacturing defects.<\/strong><\/p>\n<\/td>\n<\/tr>\n<\/tbody>\n<\/table>\n<table style=\"height: 146px\" width=\"508\">\n<tbody>\n<tr>\n<td width=\"513\">\n<p style=\"text-align: center\"><strong>TECHNICAL FEATURES OF THE PRODUCT<\/strong><\/p>\n<\/td>\n<\/tr>\n<tr>\n<td width=\"513\">\n<p style=\"text-align: center\">\u00b7 <strong>2&#215;9 cm in size.<\/strong><\/p>\n<p style=\"text-align: center\"><strong>All four sides of the timber have been wiped and chamfered.<\/strong><\/p>\n<\/td>\n<\/tr>\n<\/tbody>\n<\/table>\n<table style=\"height: 102px\" width=\"508\">\n<tbody>\n<tr>\n<td width=\"567\">\n<p style=\"text-align: center\"><strong>GUARANTEE<\/strong><\/p>\n<\/td>\n<\/tr>\n<tr>\n<td width=\"567\">\n<p style=\"text-align: center\">\u00b7 <strong>All of our products are guaranteed for 1 year against manufacturing and assembly faults.<\/strong><\/p>\n<\/td>\n<\/tr>\n<\/tbody>\n<\/table>\n","protected":false},"excerpt":{"rendered":"<p>TYPE OF LUMB USED It is native pine timber. Knots can be found. In the place where the knots are the most, there can be solid knots not exceeding 4 cm in diameter within 1 m. Rotten, crippled and falling knots are not found in timber. There are no ring cracks or large crevices. Lift [&#8230;]\n","protected":false},"featured_media":1536,"template":"","meta":[],"product_cat":[308],"product_tag":[340,337,335,336],"class_list":{"0":"post-1630","1":"product","2":"type-product","3":"status-publish","4":"has-post-thumbnail","6":"product_cat-timber-products","7":"product_tag-deck-price","8":"product_tag-impregnated","9":"product_tag-timber","10":"product_tag-timber-products","11":"product_shipping_class-warehouse-shipping","13":"first","14":"instock","15":"taxable","16":"shipping-taxable","17":"purchasable","18":"product-type-simple"},"yoast_head":"<!-- This site is optimized with the Yoast SEO plugin v25.3 - https:\/\/yoast.com\/wordpress\/plugins\/seo\/ -->\n<title>DK01 Deck (meter price) - Woodnox | Ah\u015fap Kamelya Fiyatlar\u0131, Ah\u015fap Oyunpark\u0131 , Ah\u015fap Oyun Park\u0131<\/title>\n<meta name=\"robots\" content=\"index, follow, max-snippet:-1, max-image-preview:large, max-video-preview:-1\" \/>\n<link rel=\"canonical\" href=\"https:\/\/www.woodnox.com\/en\/product\/d01-deck\/\" \/>\n<meta property=\"og:locale\" content=\"en_US\" \/>\n<meta property=\"og:type\" content=\"article\" \/>\n<meta property=\"og:title\" content=\"DK01 Deck (meter price) - Woodnox | Ah\u015fap Kamelya Fiyatlar\u0131, Ah\u015fap Oyunpark\u0131 , Ah\u015fap Oyun Park\u0131\" \/>\n<meta property=\"og:description\" content=\"TYPE OF LUMB USED It is native pine timber. Knots can be found. In the place where the knots are the most, there can be solid knots not exceeding 4 cm in diameter within 1 m. Rotten, crippled and falling knots are not found in timber. There are no ring cracks or large crevices. Lift [...]\" \/>\n<meta property=\"og:url\" content=\"https:\/\/www.woodnox.com\/en\/product\/d01-deck\/\" \/>\n<meta property=\"og:site_name\" content=\"Woodnox | Ah\u015fap Kamelya Fiyatlar\u0131, Ah\u015fap Oyunpark\u0131 , Ah\u015fap Oyun Park\u0131\" \/>\n<meta property=\"article:publisher\" content=\"https:\/\/www.facebook.com\/woodnox.tr\" \/>\n<meta property=\"article:modified_time\" content=\"2024-01-05T11:20:48+00:00\" \/>\n<meta property=\"og:image\" content=\"https:\/\/www.woodnox.com\/wp-content\/uploads\/2022\/07\/Picsart_22-08-02_09-58-15-102-scaled.jpg\" \/>\n\t<meta property=\"og:image:width\" content=\"2560\" \/>\n\t<meta property=\"og:image:height\" content=\"1577\" \/>\n\t<meta property=\"og:image:type\" content=\"image\/jpeg\" \/>\n<meta name=\"twitter:card\" content=\"summary_large_image\" \/>\n<meta name=\"twitter:label1\" content=\"Est. reading time\" \/>\n\t<meta name=\"twitter:data1\" content=\"1 minute\" \/>\n<script type=\"application\/ld+json\" class=\"yoast-schema-graph\">{\"@context\":\"https:\/\/schema.org\",\"@graph\":[{\"@type\":\"WebPage\",\"@id\":\"https:\/\/www.woodnox.com\/en\/product\/d01-deck\/\",\"url\":\"https:\/\/www.woodnox.com\/en\/product\/d01-deck\/\",\"name\":\"DK01 Deck (meter price) - Woodnox | Ah\u015fap Kamelya Fiyatlar\u0131, Ah\u015fap Oyunpark\u0131 , Ah\u015fap Oyun Park\u0131\",\"isPartOf\":{\"@id\":\"https:\/\/www.woodnox.com\/#website\"},\"primaryImageOfPage\":{\"@id\":\"https:\/\/www.woodnox.com\/en\/product\/d01-deck\/#primaryimage\"},\"image\":{\"@id\":\"https:\/\/www.woodnox.com\/en\/product\/d01-deck\/#primaryimage\"},\"thumbnailUrl\":\"https:\/\/www.woodnox.com\/wp-content\/uploads\/2022\/07\/Picsart_22-08-02_09-58-15-102-scaled.jpg\",\"datePublished\":\"2022-07-29T06:05:08+00:00\",\"dateModified\":\"2024-01-05T11:20:48+00:00\",\"breadcrumb\":{\"@id\":\"https:\/\/www.woodnox.com\/en\/product\/d01-deck\/#breadcrumb\"},\"inLanguage\":\"en-US\",\"potentialAction\":[{\"@type\":\"ReadAction\",\"target\":[\"https:\/\/www.woodnox.com\/en\/product\/d01-deck\/\"]}]},{\"@type\":\"ImageObject\",\"inLanguage\":\"en-US\",\"@id\":\"https:\/\/www.woodnox.com\/en\/product\/d01-deck\/#primaryimage\",\"url\":\"https:\/\/www.woodnox.com\/wp-content\/uploads\/2022\/07\/Picsart_22-08-02_09-58-15-102-scaled.jpg\",\"contentUrl\":\"https:\/\/www.woodnox.com\/wp-content\/uploads\/2022\/07\/Picsart_22-08-02_09-58-15-102-scaled.jpg\",\"width\":2560,\"height\":1577},{\"@type\":\"BreadcrumbList\",\"@id\":\"https:\/\/www.woodnox.com\/en\/product\/d01-deck\/#breadcrumb\",\"itemListElement\":[{\"@type\":\"ListItem\",\"position\":1,\"name\":\"Anasayfa\",\"item\":\"https:\/\/www.woodnox.com\/en\/\"},{\"@type\":\"ListItem\",\"position\":2,\"name\":\"Store\",\"item\":\"https:\/\/www.woodnox.com\/en\/store\/\"},{\"@type\":\"ListItem\",\"position\":3,\"name\":\"DK01 Deck (meter price)\"}]},{\"@type\":\"WebSite\",\"@id\":\"https:\/\/www.woodnox.com\/#website\",\"url\":\"https:\/\/www.woodnox.com\/\",\"name\":\"Woodnox | Ah\u015fap Kamelya Fiyatlar\u0131, Ah\u015fap Oyunpark\u0131 , Ah\u015fap Oyun Park\u0131\",\"description\":\"Park ve Bah\u00e7e \u00dcr\u00fcnleri\",\"publisher\":{\"@id\":\"https:\/\/www.woodnox.com\/#organization\"},\"potentialAction\":[{\"@type\":\"SearchAction\",\"target\":{\"@type\":\"EntryPoint\",\"urlTemplate\":\"https:\/\/www.woodnox.com\/?s={search_term_string}\"},\"query-input\":{\"@type\":\"PropertyValueSpecification\",\"valueRequired\":true,\"valueName\":\"search_term_string\"}}],\"inLanguage\":\"en-US\"},{\"@type\":\"Organization\",\"@id\":\"https:\/\/www.woodnox.com\/#organization\",\"name\":\"Woodnox | Ah\u015fap Kamelya Fiyatlar\u0131, Ah\u015fap Oyunpark\u0131 , Ah\u015fap Oyun Park\u0131\",\"url\":\"https:\/\/www.woodnox.com\/\",\"logo\":{\"@type\":\"ImageObject\",\"inLanguage\":\"en-US\",\"@id\":\"https:\/\/www.woodnox.com\/#\/schema\/logo\/image\/\",\"url\":\"https:\/\/www.woodnox.com\/wp-content\/uploads\/2022\/06\/WOODNOX.png\",\"contentUrl\":\"https:\/\/www.woodnox.com\/wp-content\/uploads\/2022\/06\/WOODNOX.png\",\"width\":2560,\"height\":1600,\"caption\":\"Woodnox | Ah\u015fap Kamelya Fiyatlar\u0131, Ah\u015fap Oyunpark\u0131 , Ah\u015fap Oyun Park\u0131\"},\"image\":{\"@id\":\"https:\/\/www.woodnox.com\/#\/schema\/logo\/image\/\"},\"sameAs\":[\"https:\/\/www.facebook.com\/woodnox.tr\",\"https:\/\/www.instagram.com\/woodnox.tr\/\",\"https:\/\/tr.pinterest.com\/woodnoxtr\/\"]}]}<\/script>\n<!-- \/ Yoast SEO plugin. -->","yoast_head_json":{"title":"DK01 Deck (meter price) - Woodnox | Ah\u015fap Kamelya Fiyatlar\u0131, Ah\u015fap Oyunpark\u0131 , Ah\u015fap Oyun Park\u0131","robots":{"index":"index","follow":"follow","max-snippet":"max-snippet:-1","max-image-preview":"max-image-preview:large","max-video-preview":"max-video-preview:-1"},"canonical":"https:\/\/www.woodnox.com\/en\/product\/d01-deck\/","og_locale":"en_US","og_type":"article","og_title":"DK01 Deck (meter price) - Woodnox | Ah\u015fap Kamelya Fiyatlar\u0131, Ah\u015fap Oyunpark\u0131 , Ah\u015fap Oyun Park\u0131","og_description":"TYPE OF LUMB USED It is native pine timber. Knots can be found. In the place where the knots are the most, there can be solid knots not exceeding 4 cm in diameter within 1 m. Rotten, crippled and falling knots are not found in timber. There are no ring cracks or large crevices. Lift [...]","og_url":"https:\/\/www.woodnox.com\/en\/product\/d01-deck\/","og_site_name":"Woodnox | Ah\u015fap Kamelya Fiyatlar\u0131, Ah\u015fap Oyunpark\u0131 , Ah\u015fap Oyun Park\u0131","article_publisher":"https:\/\/www.facebook.com\/woodnox.tr","article_modified_time":"2024-01-05T11:20:48+00:00","og_image":[{"width":2560,"height":1577,"url":"https:\/\/www.woodnox.com\/wp-content\/uploads\/2022\/07\/Picsart_22-08-02_09-58-15-102-scaled.jpg","type":"image\/jpeg"}],"twitter_card":"summary_large_image","twitter_misc":{"Est. reading time":"1 minute"},"schema":{"@context":"https:\/\/schema.org","@graph":[{"@type":"WebPage","@id":"https:\/\/www.woodnox.com\/en\/product\/d01-deck\/","url":"https:\/\/www.woodnox.com\/en\/product\/d01-deck\/","name":"DK01 Deck (meter price) - Woodnox | Ah\u015fap Kamelya Fiyatlar\u0131, Ah\u015fap Oyunpark\u0131 , Ah\u015fap Oyun Park\u0131","isPartOf":{"@id":"https:\/\/www.woodnox.com\/#website"},"primaryImageOfPage":{"@id":"https:\/\/www.woodnox.com\/en\/product\/d01-deck\/#primaryimage"},"image":{"@id":"https:\/\/www.woodnox.com\/en\/product\/d01-deck\/#primaryimage"},"thumbnailUrl":"https:\/\/www.woodnox.com\/wp-content\/uploads\/2022\/07\/Picsart_22-08-02_09-58-15-102-scaled.jpg","datePublished":"2022-07-29T06:05:08+00:00","dateModified":"2024-01-05T11:20:48+00:00","breadcrumb":{"@id":"https:\/\/www.woodnox.com\/en\/product\/d01-deck\/#breadcrumb"},"inLanguage":"en-US","potentialAction":[{"@type":"ReadAction","target":["https:\/\/www.woodnox.com\/en\/product\/d01-deck\/"]}]},{"@type":"ImageObject","inLanguage":"en-US","@id":"https:\/\/www.woodnox.com\/en\/product\/d01-deck\/#primaryimage","url":"https:\/\/www.woodnox.com\/wp-content\/uploads\/2022\/07\/Picsart_22-08-02_09-58-15-102-scaled.jpg","contentUrl":"https:\/\/www.woodnox.com\/wp-content\/uploads\/2022\/07\/Picsart_22-08-02_09-58-15-102-scaled.jpg","width":2560,"height":1577},{"@type":"BreadcrumbList","@id":"https:\/\/www.woodnox.com\/en\/product\/d01-deck\/#breadcrumb","itemListElement":[{"@type":"ListItem","position":1,"name":"Anasayfa","item":"https:\/\/www.woodnox.com\/en\/"},{"@type":"ListItem","position":2,"name":"Store","item":"https:\/\/www.woodnox.com\/en\/store\/"},{"@type":"ListItem","position":3,"name":"DK01 Deck (meter price)"}]},{"@type":"WebSite","@id":"https:\/\/www.woodnox.com\/#website","url":"https:\/\/www.woodnox.com\/","name":"Woodnox | Ah\u015fap Kamelya Fiyatlar\u0131, Ah\u015fap Oyunpark\u0131 , Ah\u015fap Oyun Park\u0131","description":"Park ve Bah\u00e7e \u00dcr\u00fcnleri","publisher":{"@id":"https:\/\/www.woodnox.com\/#organization"},"potentialAction":[{"@type":"SearchAction","target":{"@type":"EntryPoint","urlTemplate":"https:\/\/www.woodnox.com\/?s={search_term_string}"},"query-input":{"@type":"PropertyValueSpecification","valueRequired":true,"valueName":"search_term_string"}}],"inLanguage":"en-US"},{"@type":"Organization","@id":"https:\/\/www.woodnox.com\/#organization","name":"Woodnox | Ah\u015fap Kamelya Fiyatlar\u0131, Ah\u015fap Oyunpark\u0131 , Ah\u015fap Oyun Park\u0131","url":"https:\/\/www.woodnox.com\/","logo":{"@type":"ImageObject","inLanguage":"en-US","@id":"https:\/\/www.woodnox.com\/#\/schema\/logo\/image\/","url":"https:\/\/www.woodnox.com\/wp-content\/uploads\/2022\/06\/WOODNOX.png","contentUrl":"https:\/\/www.woodnox.com\/wp-content\/uploads\/2022\/06\/WOODNOX.png","width":2560,"height":1600,"caption":"Woodnox | Ah\u015fap Kamelya Fiyatlar\u0131, Ah\u015fap Oyunpark\u0131 , Ah\u015fap Oyun Park\u0131"},"image":{"@id":"https:\/\/www.woodnox.com\/#\/schema\/logo\/image\/"},"sameAs":["https:\/\/www.facebook.com\/woodnox.tr","https:\/\/www.instagram.com\/woodnox.tr\/","https:\/\/tr.pinterest.com\/woodnoxtr\/"]}]}},"_links":{"self":[{"href":"https:\/\/www.woodnox.com\/en\/wp-json\/wp\/v2\/product\/1630","targetHints":{"allow":["GET"]}}],"collection":[{"href":"https:\/\/www.woodnox.com\/en\/wp-json\/wp\/v2\/product"}],"about":[{"href":"https:\/\/www.woodnox.com\/en\/wp-json\/wp\/v2\/types\/product"}],"wp:featuredmedia":[{"embeddable":true,"href":"https:\/\/www.woodnox.com\/en\/wp-json\/wp\/v2\/media\/1536"}],"wp:attachment":[{"href":"https:\/\/www.woodnox.com\/en\/wp-json\/wp\/v2\/media?parent=1630"}],"wp:term":[{"taxonomy":"product_cat","embeddable":true,"href":"https:\/\/www.woodnox.com\/en\/wp-json\/wp\/v2\/product_cat?post=1630"},{"taxonomy":"product_tag","embeddable":true,"href":"https:\/\/www.woodnox.com\/en\/wp-json\/wp\/v2\/product_tag?post=1630"}],"curies":[{"name":"wp","href":"https:\/\/api.w.org\/{rel}","templated":true}]}}